{"id":5388,"date":"2019-11-27T19:10:20","date_gmt":"2019-11-27T19:10:20","guid":{"rendered":"http:\/\/relaunch.annea.ai\/?page_id=5388"},"modified":"2020-04-03T09:58:59","modified_gmt":"2020-04-03T09:58:59","slug":"impressum","status":"publish","type":"page","link":"https:\/\/annea.ai\/de\/impressum\/","title":{"rendered":"Impressum"},"content":{"rendered":"<h2 class=\"wp-block-heading\">Angaben gem\u00e4\u00df \u00a7 5 TMG<\/h2>\n\n\n\n<p>annea.ai GmbH<br>Thadenstrasse 79<br>22767 Hamburg<br>www.annea.ai<\/p>\n\n\n\n<p>Sitz der Gesellschaft: Hamburg<br>Handelsregister: HRB 159553<br>Registergericht: Amtsgericht Hamburg<br><br>Gesch\u00e4ftsf\u00fchrer: Dr. Maik Reder<\/p>\n\n\n\n<h2 class=\"wp-block-heading\">Kontakt<\/h2>\n\n\n\n<p>Telefon: +49 40 22866260<br>E-Mail: info@annea.ai<\/p>\n\n\n\n<h2 class=\"wp-block-heading\">Umsatzsteuer-ID<\/h2>\n\n\n\n<p>Umsatzsteuer-Identifikationsnummer gem\u00e4\u00df \u00a727 a Umsatzsteuergesetz:<br>DE326778494<\/p>\n\n\n\n<h2 class=\"wp-block-heading\">Verantwortlich f\u00fcr den Inhalt nach \u00a7 55 Abs. 2 RStV<\/h2>\n\n\n\n<p>Dr. Maik Reder<br>annea.ai GmbH<br>Thadenstrasse 79<br>22767 Hamburg<\/p>\n\n\n\n<h3 class=\"wp-block-heading\">Haftung f\u00fcr Inhalte<\/h3>\n\n\n\n<p>Als Diensteanbieter sind wir gem\u00e4\u00df \u00a7 7 Abs.1 TMG f\u00fcr eigene Inhalte auf diesen Seiten nach den allgemeinen Gesetzen verantwortlich. Nach \u00a7\u00a7 8 bis 10 TMG sind wir als Diensteanbieter jedoch nicht verpflichtet, \u00fcbermittelte oder gespeicherte fremde Informationen zu \u00fcberwachen oder nach Umst\u00e4nden zu forschen, die auf eine rechtswidrige T\u00e4tigkeit hinweisen.<\/p>\n\n\n\n<p>Verpflichtungen zur Entfernung oder Sperrung der Nutzung von Informationen nach den allgemeinen Gesetzen bleiben hiervon unber\u00fchrt. Eine diesbez\u00fcgliche Haftung ist jedoch erst ab dem Zeitpunkt der Kenntnis einer konkreten Rechtsverletzung m\u00f6glich. Bei Bekanntwerden von entsprechenden Rechtsverletzungen werden wir diese Inhalte umgehend entfernen.<\/p>\n\n\n\n<h3 class=\"wp-block-heading\">Haftung f\u00fcr Links<\/h3>\n\n\n\n<p>Unser Angebot enth\u00e4lt Links zu externen Websites Dritter, auf deren Inhalte wir keinen Einfluss haben. Deshalb k\u00f6nnen wir f\u00fcr diese fremden Inhalte auch keine Gew\u00e4hr \u00fcbernehmen. F\u00fcr die Inhalte der verlinkten Seiten ist stets der jeweilige Anbieter oder Betreiber der Seiten verantwortlich. Die verlinkten Seiten wurden zum Zeitpunkt der Verlinkung auf m\u00f6gliche Rechtsverst\u00f6\u00dfe \u00fcberpr\u00fcft. Rechtswidrige Inhalte waren zum Zeitpunkt der Verlinkung nicht erkennbar.<\/p>\n\n\n\n<p>Eine permanente inhaltliche Kontrolle der verlinkten Seiten ist jedoch ohne konkrete Anhaltspunkte einer Rechtsverletzung nicht zumutbar. Bei Bekanntwerden von Rechtsverletzungen werden wir derartige Links umgehend entfernen.<\/p>\n\n\n\n<h3 class=\"wp-block-heading\">Urheberrecht<\/h3>\n\n\n\n<p>Die durch die Seitenbetreiber erstellten Inhalte und Werke auf diesen Seiten unterliegen dem deutschen Urheberrecht. Die Vervielf\u00e4ltigung, Bearbeitung, Verbreitung und jede Art der Verwertung au\u00dferhalb der Grenzen des Urheberrechtes bed\u00fcrfen der schriftlichen Zustimmung des jeweiligen Autors bzw. Erstellers. Downloads und Kopien dieser Seite sind nur f\u00fcr den privaten, nicht kommerziellen Gebrauch gestattet.<\/p>\n\n\n\n<p>Soweit die Inhalte auf dieser Seite nicht vom Betreiber erstellt wurden, werden die Urheberrechte Dritter beachtet. Insbesondere werden Inhalte Dritter als solche gekennzeichnet. Sollten Sie trotzdem auf eine Urheberrechtsverletzung aufmerksam werden, bitten wir um einen entsprechenden Hinweis. Bei Bekanntwerden von Rechtsverletzungen werden wir derartige Inhalte umgehend entfernen.<\/p>\n\n\n\n<p>Quelle:&nbsp;<a href=\"https:\/\/www.e-recht24.de\/impressum-generator.html\" target=\"_blank\" rel=\"noreferrer noopener\">https:\/\/www.e-recht24.de\/impressum-generator.html<\/a><\/p>\n\n\n\n<h3>Credits<\/h3>\n<div>Icons made by <a href=\"https:\/\/www.flaticon.com\/authors\/smalllikeart\" title=\"smalllikeart\">smalllikeart<\/a> from <a href=\"https:\/\/www.flaticon.com\/\" title=\"Flaticon\">www.flaticon.com<\/a><\/div>\n<div>Icons made by <a href=\"https:\/\/www.flaticon.com\/authors\/kirill-kazachek\" title=\"Kirill Kazachek\">Kirill Kazachek<\/a> from <a href=\"https:\/\/www.flaticon.com\/\" title=\"Flaticon\">www.flaticon.com<\/a><\/div>\n<div>Icons made by <a href=\"https:\/\/www.flaticon.com\/authors\/freepik\" title=\"Freepik\">Freepik<\/a> from <a href=\"https:\/\/www.flaticon.com\/\" title=\"Flaticon\">www.flaticon.com<\/a><\/div>\n<div>Icons made by <a href=\"https:\/\/www.flaticon.com\/authors\/wanicon\" title=\"wanicon\">wanicon<\/a> from <a href=\"https:\/\/www.flaticon.com\/\" title=\"Flaticon\">www.flaticon.com<\/a><\/div>\n<div>Icons made by <a href=\"https:\/\/www.flaticon.com\/authors\/wissawa-khamsriwath\" title=\"Wissawa Khamsriwath\">Wissawa Khamsriwath<\/a> from <a href=\"https:\/\/www.flaticon.com\/\" title=\"Flaticon\">www.flaticon.com<\/a><\/div>\n<div>Icons made by <a href=\"https:\/\/www.flaticon.com\/authors\/wichaiwi\" title=\"Wichai.wi\">Wichai.wi<\/a> from <a href=\"https:\/\/www.flaticon.com\/\" title=\"Flaticon\">www.flaticon.com<\/a><\/div>\n<div>Icons made by <a href=\"https:\/\/www.flaticon.com\/authors\/smashicons\" title=\"Smashicons\">Smashicons<\/a> from <a href=\"https:\/\/www.flaticon.com\/\" title=\"Flaticon\">www.flaticon.com<\/a><\/div>\n <div>Icons made by <a href=\"https:\/\/www.flaticon.com\/authors\/payungkead\" title=\"Payungkead\">Payungkead<\/a> from <a href=\"https:\/\/www.flaticon.com\/\" title=\"Flaticon\">www.flaticon.com<\/a><\/div>\n<div>Icons made by <a href=\"https:\/\/www.flaticon.com\/authors\/good-ware\" title=\"Good Ware\">Good Ware<\/a> from <a href=\"https:\/\/www.flaticon.com\/\" title=\"Flaticon\">www.flaticon.com<\/a><\/div>","protected":false},"excerpt":{"rendered":"<p>Angaben gem\u00e4\u00df \u00a7 5 TMG annea.ai GmbHThadenstrasse 7922767 Hamburgwww.annea.ai Sitz der Gesellschaft: HamburgHandelsregister: HRB 159553Registergericht: Amtsgericht Hamburg Gesch\u00e4ftsf\u00fchrer: Dr. Maik Reder Kontakt Telefon: +49 40 22866260E-Mail: info@annea.ai Umsatzsteuer-ID Umsatzsteuer-Identifikationsnummer gem\u00e4\u00df \u00a727 a Umsatzsteuergesetz:DE326778494 Verantwortlich f\u00fcr den Inhalt nach \u00a7 55 Abs. 2 RStV Dr. Maik Rederannea.ai GmbHThadenstrasse 7922767 Hamburg Haftung f\u00fcr Inhalte Als Diensteanbieter sind [&hellip;]<\/p>","protected":false},"author":1,"featured_media":0,"parent":0,"menu_order":0,"comment_status":"closed","ping_status":"closed","template":"","meta":{"content-type":"","_monsterinsights_skip_tracking":false,"_monsterinsights_sitenote_active":false,"_monsterinsights_sitenote_note":"","_monsterinsights_sitenote_category":0},"yoast_head":"<!-- This site is optimized with the Yoast SEO plugin v20.11 - https:\/\/yoast.com\/wordpress\/plugins\/seo\/ -->\n<title>Impressum | ANNEA<\/title>\n<meta name=\"robots\" content=\"index, follow, max-snippet:-1, max-image-preview:large, max-video-preview:-1\" \/>\n<link rel=\"canonical\" href=\"https:\/\/annea.ai\/de\/impressum\/\" \/>\n<meta property=\"og:locale\" content=\"de_DE\" \/>\n<meta property=\"og:type\" content=\"article\" \/>\n<meta property=\"og:title\" content=\"Impressum | ANNEA\" \/>\n<meta property=\"og:description\" content=\"Angaben gem\u00e4\u00df \u00a7 5 TMG annea.ai GmbHThadenstrasse 7922767 Hamburgwww.annea.ai Sitz der Gesellschaft: HamburgHandelsregister: HRB 159553Registergericht: Amtsgericht Hamburg Gesch\u00e4ftsf\u00fchrer: Dr. Maik Reder Kontakt Telefon: +49 40 22866260E-Mail: info@annea.ai Umsatzsteuer-ID Umsatzsteuer-Identifikationsnummer gem\u00e4\u00df \u00a727 a Umsatzsteuergesetz:DE326778494 Verantwortlich f\u00fcr den Inhalt nach \u00a7 55 Abs. 2 RStV Dr. Maik Rederannea.ai GmbHThadenstrasse 7922767 Hamburg Haftung f\u00fcr Inhalte Als Diensteanbieter sind [&hellip;]\" \/>\n<meta property=\"og:url\" content=\"https:\/\/annea.ai\/de\/impressum\/\" \/>\n<meta property=\"og:site_name\" content=\"ANNEA\" \/>\n<meta property=\"article:modified_time\" content=\"2020-04-03T09:58:59+00:00\" \/>\n<meta name=\"twitter:card\" content=\"summary_large_image\" \/>\n<meta name=\"twitter:label1\" content=\"Gesch\u00e4tzte Lesezeit\" \/>\n\t<meta name=\"twitter:data1\" content=\"2\u00a0Minuten\" \/>\n<script type=\"application\/ld+json\" class=\"yoast-schema-graph\">{\"@context\":\"https:\/\/schema.org\",\"@graph\":[{\"@type\":\"WebPage\",\"@id\":\"https:\/\/annea.ai\/impressum\/\",\"url\":\"https:\/\/annea.ai\/impressum\/\",\"name\":\"Impressum | ANNEA\",\"isPartOf\":{\"@id\":\"https:\/\/annea.ai\/#website\"},\"datePublished\":\"2019-11-27T19:10:20+00:00\",\"dateModified\":\"2020-04-03T09:58:59+00:00\",\"breadcrumb\":{\"@id\":\"https:\/\/annea.ai\/impressum\/#breadcrumb\"},\"inLanguage\":\"de\",\"potentialAction\":[{\"@type\":\"ReadAction\",\"target\":[\"https:\/\/annea.ai\/impressum\/\"]}]},{\"@type\":\"BreadcrumbList\",\"@id\":\"https:\/\/annea.ai\/impressum\/#breadcrumb\",\"itemListElement\":[{\"@type\":\"ListItem\",\"position\":1,\"name\":\"Home\",\"item\":\"https:\/\/annea.ai\/\"},{\"@type\":\"ListItem\",\"position\":2,\"name\":\"Impressum\"}]},{\"@type\":\"WebSite\",\"@id\":\"https:\/\/annea.ai\/#website\",\"url\":\"https:\/\/annea.ai\/\",\"name\":\"ANNEA | One Step Ahead | Predictive Maintenance and Underperformance Detection\",\"description\":\"The Brain for Renewables\",\"publisher\":{\"@id\":\"https:\/\/annea.ai\/#organization\"},\"potentialAction\":[{\"@type\":\"SearchAction\",\"target\":{\"@type\":\"EntryPoint\",\"urlTemplate\":\"https:\/\/annea.ai\/?s={search_term_string}\"},\"query-input\":\"required name=search_term_string\"}],\"inLanguage\":\"de\"},{\"@type\":\"Organization\",\"@id\":\"https:\/\/annea.ai\/#organization\",\"name\":\"Annea\",\"url\":\"https:\/\/annea.ai\/\",\"logo\":{\"@type\":\"ImageObject\",\"inLanguage\":\"de\",\"@id\":\"https:\/\/annea.ai\/#\/schema\/logo\/image\/\",\"url\":\"https:\/\/annea.ai\/wp-content\/uploads\/2020\/10\/ANNEA-Logo-long-tagline-green-bg.jpg\",\"contentUrl\":\"https:\/\/annea.ai\/wp-content\/uploads\/2020\/10\/ANNEA-Logo-long-tagline-green-bg.jpg\",\"width\":2501,\"height\":2501,\"caption\":\"Annea\"},\"image\":{\"@id\":\"https:\/\/annea.ai\/#\/schema\/logo\/image\/\"},\"sameAs\":[\"https:\/\/www.linkedin.com\/company\/annea-ai\"]}]}<\/script>\n<!-- \/ Yoast SEO plugin. -->","yoast_head_json":{"title":"Impressum | ANNEA","robots":{"index":"index","follow":"follow","max-snippet":"max-snippet:-1","max-image-preview":"max-image-preview:large","max-video-preview":"max-video-preview:-1"},"canonical":"https:\/\/annea.ai\/de\/impressum\/","og_locale":"de_DE","og_type":"article","og_title":"Impressum | ANNEA","og_description":"Angaben gem\u00e4\u00df \u00a7 5 TMG annea.ai GmbHThadenstrasse 7922767 Hamburgwww.annea.ai Sitz der Gesellschaft: HamburgHandelsregister: HRB 159553Registergericht: Amtsgericht Hamburg Gesch\u00e4ftsf\u00fchrer: Dr. Maik Reder Kontakt Telefon: +49 40 22866260E-Mail: info@annea.ai Umsatzsteuer-ID Umsatzsteuer-Identifikationsnummer gem\u00e4\u00df \u00a727 a Umsatzsteuergesetz:DE326778494 Verantwortlich f\u00fcr den Inhalt nach \u00a7 55 Abs. 2 RStV Dr. Maik Rederannea.ai GmbHThadenstrasse 7922767 Hamburg Haftung f\u00fcr Inhalte Als Diensteanbieter sind [&hellip;]","og_url":"https:\/\/annea.ai\/de\/impressum\/","og_site_name":"ANNEA","article_modified_time":"2020-04-03T09:58:59+00:00","twitter_card":"summary_large_image","twitter_misc":{"Gesch\u00e4tzte Lesezeit":"2\u00a0Minuten"},"schema":{"@context":"https:\/\/schema.org","@graph":[{"@type":"WebPage","@id":"https:\/\/annea.ai\/impressum\/","url":"https:\/\/annea.ai\/impressum\/","name":"Impressum | ANNEA","isPartOf":{"@id":"https:\/\/annea.ai\/#website"},"datePublished":"2019-11-27T19:10:20+00:00","dateModified":"2020-04-03T09:58:59+00:00","breadcrumb":{"@id":"https:\/\/annea.ai\/impressum\/#breadcrumb"},"inLanguage":"de","potentialAction":[{"@type":"ReadAction","target":["https:\/\/annea.ai\/impressum\/"]}]},{"@type":"BreadcrumbList","@id":"https:\/\/annea.ai\/impressum\/#breadcrumb","itemListElement":[{"@type":"ListItem","position":1,"name":"Home","item":"https:\/\/annea.ai\/"},{"@type":"ListItem","position":2,"name":"Impressum"}]},{"@type":"WebSite","@id":"https:\/\/annea.ai\/#website","url":"https:\/\/annea.ai\/","name":"ANNEA | One Step Ahead | Predictive Maintenance and Underperformance Detection","description":"The Brain for Renewables","publisher":{"@id":"https:\/\/annea.ai\/#organization"},"potentialAction":[{"@type":"SearchAction","target":{"@type":"EntryPoint","urlTemplate":"https:\/\/annea.ai\/?s={search_term_string}"},"query-input":"required name=search_term_string"}],"inLanguage":"de"},{"@type":"Organization","@id":"https:\/\/annea.ai\/#organization","name":"Annea","url":"https:\/\/annea.ai\/","logo":{"@type":"ImageObject","inLanguage":"de","@id":"https:\/\/annea.ai\/#\/schema\/logo\/image\/","url":"https:\/\/annea.ai\/wp-content\/uploads\/2020\/10\/ANNEA-Logo-long-tagline-green-bg.jpg","contentUrl":"https:\/\/annea.ai\/wp-content\/uploads\/2020\/10\/ANNEA-Logo-long-tagline-green-bg.jpg","width":2501,"height":2501,"caption":"Annea"},"image":{"@id":"https:\/\/annea.ai\/#\/schema\/logo\/image\/"},"sameAs":["https:\/\/www.linkedin.com\/company\/annea-ai"]}]}},"_links":{"self":[{"href":"https:\/\/annea.ai\/de\/wp-json\/wp\/v2\/pages\/5388"}],"collection":[{"href":"https:\/\/annea.ai\/de\/wp-json\/wp\/v2\/pages"}],"about":[{"href":"https:\/\/annea.ai\/de\/wp-json\/wp\/v2\/types\/page"}],"author":[{"embeddable":true,"href":"https:\/\/annea.ai\/de\/wp-json\/wp\/v2\/users\/1"}],"replies":[{"embeddable":true,"href":"https:\/\/annea.ai\/de\/wp-json\/wp\/v2\/comments?post=5388"}],"version-history":[{"count":9,"href":"https:\/\/annea.ai\/de\/wp-json\/wp\/v2\/pages\/5388\/revisions"}],"predecessor-version":[{"id":6067,"href":"https:\/\/annea.ai\/de\/wp-json\/wp\/v2\/pages\/5388\/revisions\/6067"}],"wp:attachment":[{"href":"https:\/\/annea.ai\/de\/wp-json\/wp\/v2\/media?parent=5388"}],"curies":[{"name":"wp","href":"https:\/\/api.w.org\/{rel}","templated":true}]}}