{"id":9443,"date":"2022-05-06T12:56:22","date_gmt":"2022-05-06T12:56:22","guid":{"rendered":"https:\/\/annea.ai\/newsletter-subscription-and-disclaimer\/"},"modified":"2024-05-08T16:50:46","modified_gmt":"2024-05-08T16:50:46","slug":"newsletter-subscription-and-disclaimer","status":"publish","type":"page","link":"https:\/\/annea.ai\/de\/newsletter-subscription-and-disclaimer\/","title":{"rendered":"Newsletter : Subscription and Disclaimer"},"content":{"rendered":"<p>Datum des Inkrafttretens - 6. Mai 2022<\/p>\n<p><strong>Wenn Sie sich entschlie\u00dfen, uns Ihre E-Mail-Adresse oder andere personenbezogene Daten mitzuteilen, werden wir diese nur dazu verwenden, Ihnen unseren Newsletter zuzusenden oder Ihre Anfrage zu beantworten.<\/strong><\/p>\n<p>Wenn Sie sich von den Newslettern abmelden, werden Sie keine weiteren Newsletter mehr erhalten.<\/p>\n<p><strong>URHEBERRECHT<\/strong><\/p>\n<p>Wir, die ANNEA.ai GmbH, behalten uns alle Urheberrechte an Texten oder Bildern im Newsletter vor. Die Texte oder Bilder im Newsletter d\u00fcrfen nicht ohne vorherige Genehmigung der ANNEA.ai GmbH kopiert oder verbreitet werden.<\/p>\n<p>Im Falle einer genehmigten Verwendung von Inhalten sind die folgenden Bedingungen zu beachten:<\/p>\n<ul>\n<li>Die Quelle des kopierten Materials sollte als ANNEA.ai GmbH angegeben werden,<\/li>\n<li>Diese Erkl\u00e4rung sollte auf allen Formen der Verteilung erscheinen.<\/li>\n<\/ul>\n<p><strong>E-MAIL<\/strong><\/p>\n<p>Sie haben die M\u00f6glichkeit, mit uns per E-Mail zu kommunizieren. Falls Sie dies tun, sollten Sie jedoch beachten, dass die Sicherheit von Internet-E-Mails unzuverl\u00e4ssig ist. Wenn Sie vertrauliche oder sensible E-Mail-Nachrichten unverschl\u00fcsselt versenden, akzeptieren Sie die Risiken einer solchen Unsicherheit und einer m\u00f6glichen Verletzung der Vertraulichkeit oder der Privatsph\u00e4re \u00fcber das Internet.<\/p>\n<p><strong>KEINE GARANTIE<\/strong><\/p>\n<p>Die in diesem Newsletter enthaltenen Informationen werden von der ANNEA.ai GmbH als Service\/Werbung f\u00fcr ihre Nutzer, Abonnenten, Kunden und m\u00f6gliche andere Personen bereitgestellt. Sie enthalten keine (rechtliche) Beratung. Obwohl wir uns bem\u00fchen, qualitativ hochwertige Informationen zur Verf\u00fcgung zu stellen, \u00fcbernehmen wir keine Garantie f\u00fcr die Ergebnisse, die sich aus der Nutzung dieser Informationen ergeben, und zwar ohne jegliche ausdr\u00fcckliche oder stillschweigende Garantie, einschlie\u00dflich, aber nicht beschr\u00e4nkt auf Garantien f\u00fcr die Eignung f\u00fcr einen bestimmten Zweck.<\/p>\n<p><strong>KEINE HAFTUNG<\/strong><\/p>\n<p>In keinem Fall haftet ANNEA.ai GmbH gegen\u00fcber dem Nutzer oder einer anderen Partei f\u00fcr Sch\u00e4den, Kosten jeglicher Art, einschlie\u00dflich, aber nicht beschr\u00e4nkt auf direkte oder indirekte, Folge-, Neben- oder andere Kosten oder Sch\u00e4den, die durch die Nutzung der in den Newslettern enthaltenen Informationen entstehen.<\/p>\n<p><strong>\u00c4NDERUNGEN<\/strong><\/p>\n<p>Wir k\u00f6nnen diese Informationen jederzeit und ohne vorherige Ank\u00fcndigung \u00e4ndern. Wir \u00fcbernehmen keine Verpflichtung, die in diesem Newsletter enthaltenen Informationen zu aktualisieren.<\/p>","protected":false},"excerpt":{"rendered":"<p>Effective date &#8211; May 6, 2022 If you choose to provide us with your email address or any other personally identifiable information, we will use it only to send you our newsletter or respond to your query. If you choose to unsubscribe from the newsletters, you\u2019ll stop receiving any newsletters. COPYRIGHT We ANNEA.ai GmbH, reserve [&hellip;]<\/p>\n","protected":false},"author":1,"featured_media":0,"parent":0,"menu_order":0,"comment_status":"closed","ping_status":"closed","template":"","meta":{"content-type":"","_monsterinsights_skip_tracking":false,"_monsterinsights_sitenote_active":false,"_monsterinsights_sitenote_note":"","_monsterinsights_sitenote_category":0,"footnotes":""},"class_list":["post-9443","page","type-page","status-publish","hentry","no-post-thumbnail"],"yoast_head":"<!-- This site is optimized with the Yoast SEO plugin v20.11 - https:\/\/yoast.com\/wordpress\/plugins\/seo\/ -->\n<title>Newsletter : Subscription and Disclaimer | ANNEA<\/title>\n<meta name=\"description\" content=\"If you provide us with your email address, we will use it only to send you our newsletter or respond to your query.\" \/>\n<meta name=\"robots\" content=\"index, follow, max-snippet:-1, max-image-preview:large, max-video-preview:-1\" \/>\n<link rel=\"canonical\" href=\"https:\/\/annea.ai\/de\/newsletter-subscription-and-disclaimer\/\" \/>\n<meta property=\"og:locale\" content=\"de_DE\" \/>\n<meta property=\"og:type\" content=\"article\" \/>\n<meta property=\"og:title\" content=\"Newsletter : Subscription and Disclaimer | ANNEA\" \/>\n<meta property=\"og:description\" content=\"If you provide us with your email address, we will use it only to send you our newsletter or respond to your query.\" \/>\n<meta property=\"og:url\" content=\"https:\/\/annea.ai\/de\/newsletter-subscription-and-disclaimer\/\" \/>\n<meta property=\"og:site_name\" content=\"ANNEA\" \/>\n<meta property=\"article:modified_time\" content=\"2024-05-08T16:50:46+00:00\" \/>\n<meta name=\"twitter:card\" content=\"summary_large_image\" \/>\n<meta name=\"twitter:label1\" content=\"Gesch\u00e4tzte Lesezeit\" \/>\n\t<meta name=\"twitter:data1\" content=\"2\u00a0Minuten\" \/>\n<script type=\"application\/ld+json\" class=\"yoast-schema-graph\">{\"@context\":\"https:\/\/schema.org\",\"@graph\":[{\"@type\":\"WebPage\",\"@id\":\"https:\/\/annea.ai\/newsletter-subscription-and-disclaimer\/\",\"url\":\"https:\/\/annea.ai\/newsletter-subscription-and-disclaimer\/\",\"name\":\"Newsletter : Subscription and Disclaimer | ANNEA\",\"isPartOf\":{\"@id\":\"https:\/\/annea.ai\/#website\"},\"datePublished\":\"2022-05-06T12:56:22+00:00\",\"dateModified\":\"2024-05-08T16:50:46+00:00\",\"description\":\"If you provide us with your email address, we will use it only to send you our newsletter or respond to your query.\",\"breadcrumb\":{\"@id\":\"https:\/\/annea.ai\/newsletter-subscription-and-disclaimer\/#breadcrumb\"},\"inLanguage\":\"de\",\"potentialAction\":[{\"@type\":\"ReadAction\",\"target\":[\"https:\/\/annea.ai\/newsletter-subscription-and-disclaimer\/\"]}]},{\"@type\":\"BreadcrumbList\",\"@id\":\"https:\/\/annea.ai\/newsletter-subscription-and-disclaimer\/#breadcrumb\",\"itemListElement\":[{\"@type\":\"ListItem\",\"position\":1,\"name\":\"Home\",\"item\":\"https:\/\/annea.ai\/\"},{\"@type\":\"ListItem\",\"position\":2,\"name\":\"Newsletter : Subscription and Disclaimer\"}]},{\"@type\":\"WebSite\",\"@id\":\"https:\/\/annea.ai\/#website\",\"url\":\"https:\/\/annea.ai\/\",\"name\":\"ANNEA | One Step Ahead | Predictive Maintenance and Underperformance Detection\",\"description\":\"The Brain for Renewables\",\"publisher\":{\"@id\":\"https:\/\/annea.ai\/#organization\"},\"potentialAction\":[{\"@type\":\"SearchAction\",\"target\":{\"@type\":\"EntryPoint\",\"urlTemplate\":\"https:\/\/annea.ai\/?s={search_term_string}\"},\"query-input\":\"required name=search_term_string\"}],\"inLanguage\":\"de\"},{\"@type\":\"Organization\",\"@id\":\"https:\/\/annea.ai\/#organization\",\"name\":\"Annea\",\"url\":\"https:\/\/annea.ai\/\",\"logo\":{\"@type\":\"ImageObject\",\"inLanguage\":\"de\",\"@id\":\"https:\/\/annea.ai\/#\/schema\/logo\/image\/\",\"url\":\"https:\/\/annea.ai\/wp-content\/uploads\/2020\/10\/ANNEA-Logo-long-tagline-green-bg.jpg\",\"contentUrl\":\"https:\/\/annea.ai\/wp-content\/uploads\/2020\/10\/ANNEA-Logo-long-tagline-green-bg.jpg\",\"width\":2501,\"height\":2501,\"caption\":\"Annea\"},\"image\":{\"@id\":\"https:\/\/annea.ai\/#\/schema\/logo\/image\/\"},\"sameAs\":[\"https:\/\/www.linkedin.com\/company\/annea-ai\"]}]}<\/script>\n<!-- \/ Yoast SEO plugin. -->","yoast_head_json":{"title":"Newsletter : Subscription and Disclaimer | ANNEA","description":"If you provide us with your email address, we will use it only to send you our newsletter or respond to your query.","robots":{"index":"index","follow":"follow","max-snippet":"max-snippet:-1","max-image-preview":"max-image-preview:large","max-video-preview":"max-video-preview:-1"},"canonical":"https:\/\/annea.ai\/de\/newsletter-subscription-and-disclaimer\/","og_locale":"de_DE","og_type":"article","og_title":"Newsletter : Subscription and Disclaimer | ANNEA","og_description":"If you provide us with your email address, we will use it only to send you our newsletter or respond to your query.","og_url":"https:\/\/annea.ai\/de\/newsletter-subscription-and-disclaimer\/","og_site_name":"ANNEA","article_modified_time":"2024-05-08T16:50:46+00:00","twitter_card":"summary_large_image","twitter_misc":{"Gesch\u00e4tzte Lesezeit":"2\u00a0Minuten"},"schema":{"@context":"https:\/\/schema.org","@graph":[{"@type":"WebPage","@id":"https:\/\/annea.ai\/newsletter-subscription-and-disclaimer\/","url":"https:\/\/annea.ai\/newsletter-subscription-and-disclaimer\/","name":"Newsletter : Subscription and Disclaimer | ANNEA","isPartOf":{"@id":"https:\/\/annea.ai\/#website"},"datePublished":"2022-05-06T12:56:22+00:00","dateModified":"2024-05-08T16:50:46+00:00","description":"If you provide us with your email address, we will use it only to send you our newsletter or respond to your query.","breadcrumb":{"@id":"https:\/\/annea.ai\/newsletter-subscription-and-disclaimer\/#breadcrumb"},"inLanguage":"de","potentialAction":[{"@type":"ReadAction","target":["https:\/\/annea.ai\/newsletter-subscription-and-disclaimer\/"]}]},{"@type":"BreadcrumbList","@id":"https:\/\/annea.ai\/newsletter-subscription-and-disclaimer\/#breadcrumb","itemListElement":[{"@type":"ListItem","position":1,"name":"Home","item":"https:\/\/annea.ai\/"},{"@type":"ListItem","position":2,"name":"Newsletter : Subscription and Disclaimer"}]},{"@type":"WebSite","@id":"https:\/\/annea.ai\/#website","url":"https:\/\/annea.ai\/","name":"ANNEA | One Step Ahead | Predictive Maintenance and Underperformance Detection","description":"The Brain for Renewables","publisher":{"@id":"https:\/\/annea.ai\/#organization"},"potentialAction":[{"@type":"SearchAction","target":{"@type":"EntryPoint","urlTemplate":"https:\/\/annea.ai\/?s={search_term_string}"},"query-input":"required name=search_term_string"}],"inLanguage":"de"},{"@type":"Organization","@id":"https:\/\/annea.ai\/#organization","name":"Annea","url":"https:\/\/annea.ai\/","logo":{"@type":"ImageObject","inLanguage":"de","@id":"https:\/\/annea.ai\/#\/schema\/logo\/image\/","url":"https:\/\/annea.ai\/wp-content\/uploads\/2020\/10\/ANNEA-Logo-long-tagline-green-bg.jpg","contentUrl":"https:\/\/annea.ai\/wp-content\/uploads\/2020\/10\/ANNEA-Logo-long-tagline-green-bg.jpg","width":2501,"height":2501,"caption":"Annea"},"image":{"@id":"https:\/\/annea.ai\/#\/schema\/logo\/image\/"},"sameAs":["https:\/\/www.linkedin.com\/company\/annea-ai"]}]}},"_links":{"self":[{"href":"https:\/\/annea.ai\/de\/wp-json\/wp\/v2\/pages\/9443","targetHints":{"allow":["GET"]}}],"collection":[{"href":"https:\/\/annea.ai\/de\/wp-json\/wp\/v2\/pages"}],"about":[{"href":"https:\/\/annea.ai\/de\/wp-json\/wp\/v2\/types\/page"}],"author":[{"embeddable":true,"href":"https:\/\/annea.ai\/de\/wp-json\/wp\/v2\/users\/1"}],"replies":[{"embeddable":true,"href":"https:\/\/annea.ai\/de\/wp-json\/wp\/v2\/comments?post=9443"}],"version-history":[{"count":1,"href":"https:\/\/annea.ai\/de\/wp-json\/wp\/v2\/pages\/9443\/revisions"}],"predecessor-version":[{"id":12371,"href":"https:\/\/annea.ai\/de\/wp-json\/wp\/v2\/pages\/9443\/revisions\/12371"}],"wp:attachment":[{"href":"https:\/\/annea.ai\/de\/wp-json\/wp\/v2\/media?parent=9443"}],"curies":[{"name":"wp","href":"https:\/\/api.w.org\/{rel}","templated":true}]}}