{"id":9444,"date":"2022-05-06T12:56:40","date_gmt":"2022-05-06T12:56:40","guid":{"rendered":"https:\/\/annea.ai\/external-links-policy\/"},"modified":"2024-05-08T16:38:07","modified_gmt":"2024-05-08T16:38:07","slug":"external-links-policy","status":"publish","type":"page","link":"https:\/\/annea.ai\/de\/external-links-policy\/","title":{"rendered":"Externe Links Richtlinie"},"content":{"rendered":"<p><em>Datum des Inkrafttretens - 6. Mai 2022<\/em><\/p>\n<p>https:\/\/annea.ai verweist auf andere, externe Websites, die nach unserem Ermessen die n\u00fctzlichsten Informationen f\u00fcr unser Programm enthalten. Obwohl viele Websites sehr n\u00fctzliche Informationen bieten, verlinkt https:\/\/annea.ai nur zu den Websites, die die n\u00fctzlichsten Inhalte bieten.<\/p>\n<p>Diese Links k\u00f6nnen jederzeit ge\u00e4ndert werden, wenn wir auf n\u00fctzlichere Seiten aufmerksam werden. Der einzige Zweck eines jeden externen Links ist es, diese Website f\u00fcr unsere Kunden zu bereichern. Alle Antr\u00e4ge auf Aufnahme eines Links auf dieser Website werden zun\u00e4chst und in erster Linie im Hinblick auf die Bed\u00fcrfnisse unserer Kunden bewertet. Im Allgemeinen erf\u00fcllen externe Websites nicht die Zwecke von https:\/\/annea.ai, wenn sie Folgendes enthalten, suggerieren oder vermuten lassen:<\/p>\n<ol>\n<li>Bef\u00fcrwortung oder Ablehnung von politisch, \u00f6kologisch oder gesellschaftlich kontroversen Themen, Fragen oder Kandidaten.<\/li>\n<li>Verunglimpfung oder F\u00f6rderung einer Person oder Personengruppe.<\/li>\n<li>Externe Inhalte, die nicht f\u00fcr Leser oder Betrachter aller Altersgruppen geeignet sind, oder Links zu oder sonstige Werbung f\u00fcr Unternehmen, deren Produkte oder Dienstleistungen nicht f\u00fcr Personen aller Altersgruppen geeignet sind.<\/li>\n<li>F\u00f6rderung oder Anstiftung zu illegalem, gewaltt\u00e4tigem oder gesellschaftlich unerw\u00fcnschtem Verhalten.<\/li>\n<li>Werbung f\u00fcr oder Verf\u00fcgbarkeit von Alkohol oder Tabakprodukten.<\/li>\n<li>Werbung f\u00fcr oder Verf\u00fcgbarkeit von illegalen Drogen.<\/li>\n<li>Anpreisung oder Verf\u00fcgbarkeit von Unterhaltung oder Material f\u00fcr Erwachsene oder mit sexuellem Bezug.<\/li>\n<li>Werbung f\u00fcr, Widerstand gegen oder Verf\u00fcgbarkeit von Waffen.<\/li>\n<li>Anpreisung, Ablehnung oder Verf\u00fcgbarkeit von Gl\u00fccksspielen.<\/li>\n<li>Behauptungen der Wirksamkeit, Eignung, Erw\u00fcnschtheit oder andere nicht objektive Aussagen \u00fcber Unternehmen, Produkte oder Dienstleistungen.<\/li>\n<li>Inhalte, die die Marken-, Urheber- oder Patentrechte anderer verletzen.<\/li>\n<li>Behauptungen oder Darstellungen, die gegen Werbe- oder Verbraucherschutzgesetze versto\u00dfen.<\/li>\n<li>Inhalte, die nach Ansicht eines vern\u00fcnftigen B\u00fcrgers nicht die W\u00fcrde und den Anstand wahren, die f\u00fcr eine Regierung angemessen sind.<\/li>\n<\/ol>\n<p>Diese Liste ist nicht ersch\u00f6pfend. Die Richtlinie f\u00fcr externe Links gilt nur f\u00fcr Websites au\u00dferhalb von https:\/\/annea.ai. Der Webmaster muss Verfahren zur \u00dcberwachung der Umsetzung und st\u00e4ndigen Kontrolle dieser Richtlinie einrichten. Zu diesen Verfahren geh\u00f6rt ein Prozess zur \u00dcberpr\u00fcfung aller neuen Antr\u00e4ge auf externe Inhaltslinks von der Webseite https:\/\/annea.ai zu einer anderen Seite, um die Einhaltung dieser Richtlinie zu gew\u00e4hrleisten, bevor dem Antrag stattgegeben wird.<\/p>\n<p>Jeder Antrag auf einen solchen Link wird anhand der folgenden Richtlinien bewertet:<\/p>\n<ul>\n<li>Ist der Inhalt relevant?<\/li>\n<li>Bietet die Seite Informationen oder Dienstleistungen, die nicht bereits auf https:\/\/annea.ai verf\u00fcgbar sind oder zu denen ein Link besteht? Wenn nicht, ist die Qualit\u00e4t der Seite vergleichbar mit oder besser als das, was bereits angeboten wird?<\/li>\n<li>Ist die Website gut gestaltet, einfach zu benutzen, browser\u00fcbergreifend und f\u00fcr Menschen mit Behinderungen zug\u00e4nglich?<\/li>\n<li>https:\/\/annea.ai beh\u00e4lt sich das Recht vor, nach eigenem Ermessen und ohne Angabe von Gr\u00fcnden externe Inhalte jederzeit zu entfernen.<\/li>\n<\/ul>","protected":false},"excerpt":{"rendered":"<p>Effective date &#8211; May 6, 2022 https:\/\/annea.ai links to other, external websites that provide information we determine at our discretion contain the most useful information for our program. While many sites provide very useful information, https:\/\/annea.ai only links to those sites which provide the most useful content. These links may be changed at any time [&hellip;]<\/p>\n","protected":false},"author":1,"featured_media":0,"parent":0,"menu_order":0,"comment_status":"closed","ping_status":"closed","template":"","meta":{"content-type":"","_monsterinsights_skip_tracking":false,"_monsterinsights_sitenote_active":false,"_monsterinsights_sitenote_note":"","_monsterinsights_sitenote_category":0},"yoast_head":"<!-- This site is optimized with the Yoast SEO plugin v20.11 - https:\/\/yoast.com\/wordpress\/plugins\/seo\/ -->\n<title>External Links Policy | ANNEA<\/title>\n<meta name=\"description\" content=\"This page contains ANNEA&#039;s external links policy. ANNEA only links to those sites which provide the most useful content.\" \/>\n<meta name=\"robots\" content=\"index, follow, max-snippet:-1, max-image-preview:large, max-video-preview:-1\" \/>\n<link rel=\"canonical\" href=\"https:\/\/annea.ai\/de\/external-links-policy\/\" \/>\n<meta property=\"og:locale\" content=\"de_DE\" \/>\n<meta property=\"og:type\" content=\"article\" \/>\n<meta property=\"og:title\" content=\"External Links Policy | ANNEA\" \/>\n<meta property=\"og:description\" content=\"This page contains ANNEA&#039;s external links policy. ANNEA only links to those sites which provide the most useful content.\" \/>\n<meta property=\"og:url\" content=\"https:\/\/annea.ai\/de\/external-links-policy\/\" \/>\n<meta property=\"og:site_name\" content=\"ANNEA\" \/>\n<meta property=\"article:modified_time\" content=\"2024-05-08T16:38:07+00:00\" \/>\n<meta name=\"twitter:card\" content=\"summary_large_image\" \/>\n<meta name=\"twitter:label1\" content=\"Gesch\u00e4tzte Lesezeit\" \/>\n\t<meta name=\"twitter:data1\" content=\"2\u00a0Minuten\" \/>\n<script type=\"application\/ld+json\" class=\"yoast-schema-graph\">{\"@context\":\"https:\/\/schema.org\",\"@graph\":[{\"@type\":\"WebPage\",\"@id\":\"https:\/\/annea.ai\/external-links-policy\/\",\"url\":\"https:\/\/annea.ai\/external-links-policy\/\",\"name\":\"External Links Policy | ANNEA\",\"isPartOf\":{\"@id\":\"https:\/\/annea.ai\/#website\"},\"datePublished\":\"2022-05-06T12:56:40+00:00\",\"dateModified\":\"2024-05-08T16:38:07+00:00\",\"description\":\"This page contains ANNEA's external links policy. ANNEA only links to those sites which provide the most useful content.\",\"breadcrumb\":{\"@id\":\"https:\/\/annea.ai\/external-links-policy\/#breadcrumb\"},\"inLanguage\":\"de\",\"potentialAction\":[{\"@type\":\"ReadAction\",\"target\":[\"https:\/\/annea.ai\/external-links-policy\/\"]}]},{\"@type\":\"BreadcrumbList\",\"@id\":\"https:\/\/annea.ai\/external-links-policy\/#breadcrumb\",\"itemListElement\":[{\"@type\":\"ListItem\",\"position\":1,\"name\":\"Home\",\"item\":\"https:\/\/annea.ai\/\"},{\"@type\":\"ListItem\",\"position\":2,\"name\":\"External Links Policy\"}]},{\"@type\":\"WebSite\",\"@id\":\"https:\/\/annea.ai\/#website\",\"url\":\"https:\/\/annea.ai\/\",\"name\":\"ANNEA | One Step Ahead | Predictive Maintenance and Underperformance Detection\",\"description\":\"The Brain for Renewables\",\"publisher\":{\"@id\":\"https:\/\/annea.ai\/#organization\"},\"potentialAction\":[{\"@type\":\"SearchAction\",\"target\":{\"@type\":\"EntryPoint\",\"urlTemplate\":\"https:\/\/annea.ai\/?s={search_term_string}\"},\"query-input\":\"required name=search_term_string\"}],\"inLanguage\":\"de\"},{\"@type\":\"Organization\",\"@id\":\"https:\/\/annea.ai\/#organization\",\"name\":\"Annea\",\"url\":\"https:\/\/annea.ai\/\",\"logo\":{\"@type\":\"ImageObject\",\"inLanguage\":\"de\",\"@id\":\"https:\/\/annea.ai\/#\/schema\/logo\/image\/\",\"url\":\"https:\/\/annea.ai\/wp-content\/uploads\/2020\/10\/ANNEA-Logo-long-tagline-green-bg.jpg\",\"contentUrl\":\"https:\/\/annea.ai\/wp-content\/uploads\/2020\/10\/ANNEA-Logo-long-tagline-green-bg.jpg\",\"width\":2501,\"height\":2501,\"caption\":\"Annea\"},\"image\":{\"@id\":\"https:\/\/annea.ai\/#\/schema\/logo\/image\/\"},\"sameAs\":[\"https:\/\/www.linkedin.com\/company\/annea-ai\"]}]}<\/script>\n<!-- \/ Yoast SEO plugin. -->","yoast_head_json":{"title":"External Links Policy | ANNEA","description":"This page contains ANNEA's external links policy. ANNEA only links to those sites which provide the most useful content.","robots":{"index":"index","follow":"follow","max-snippet":"max-snippet:-1","max-image-preview":"max-image-preview:large","max-video-preview":"max-video-preview:-1"},"canonical":"https:\/\/annea.ai\/de\/external-links-policy\/","og_locale":"de_DE","og_type":"article","og_title":"External Links Policy | ANNEA","og_description":"This page contains ANNEA's external links policy. ANNEA only links to those sites which provide the most useful content.","og_url":"https:\/\/annea.ai\/de\/external-links-policy\/","og_site_name":"ANNEA","article_modified_time":"2024-05-08T16:38:07+00:00","twitter_card":"summary_large_image","twitter_misc":{"Gesch\u00e4tzte Lesezeit":"2\u00a0Minuten"},"schema":{"@context":"https:\/\/schema.org","@graph":[{"@type":"WebPage","@id":"https:\/\/annea.ai\/external-links-policy\/","url":"https:\/\/annea.ai\/external-links-policy\/","name":"External Links Policy | ANNEA","isPartOf":{"@id":"https:\/\/annea.ai\/#website"},"datePublished":"2022-05-06T12:56:40+00:00","dateModified":"2024-05-08T16:38:07+00:00","description":"This page contains ANNEA's external links policy. ANNEA only links to those sites which provide the most useful content.","breadcrumb":{"@id":"https:\/\/annea.ai\/external-links-policy\/#breadcrumb"},"inLanguage":"de","potentialAction":[{"@type":"ReadAction","target":["https:\/\/annea.ai\/external-links-policy\/"]}]},{"@type":"BreadcrumbList","@id":"https:\/\/annea.ai\/external-links-policy\/#breadcrumb","itemListElement":[{"@type":"ListItem","position":1,"name":"Home","item":"https:\/\/annea.ai\/"},{"@type":"ListItem","position":2,"name":"External Links Policy"}]},{"@type":"WebSite","@id":"https:\/\/annea.ai\/#website","url":"https:\/\/annea.ai\/","name":"ANNEA | One Step Ahead | Predictive Maintenance and Underperformance Detection","description":"The Brain for Renewables","publisher":{"@id":"https:\/\/annea.ai\/#organization"},"potentialAction":[{"@type":"SearchAction","target":{"@type":"EntryPoint","urlTemplate":"https:\/\/annea.ai\/?s={search_term_string}"},"query-input":"required name=search_term_string"}],"inLanguage":"de"},{"@type":"Organization","@id":"https:\/\/annea.ai\/#organization","name":"Annea","url":"https:\/\/annea.ai\/","logo":{"@type":"ImageObject","inLanguage":"de","@id":"https:\/\/annea.ai\/#\/schema\/logo\/image\/","url":"https:\/\/annea.ai\/wp-content\/uploads\/2020\/10\/ANNEA-Logo-long-tagline-green-bg.jpg","contentUrl":"https:\/\/annea.ai\/wp-content\/uploads\/2020\/10\/ANNEA-Logo-long-tagline-green-bg.jpg","width":2501,"height":2501,"caption":"Annea"},"image":{"@id":"https:\/\/annea.ai\/#\/schema\/logo\/image\/"},"sameAs":["https:\/\/www.linkedin.com\/company\/annea-ai"]}]}},"_links":{"self":[{"href":"https:\/\/annea.ai\/de\/wp-json\/wp\/v2\/pages\/9444"}],"collection":[{"href":"https:\/\/annea.ai\/de\/wp-json\/wp\/v2\/pages"}],"about":[{"href":"https:\/\/annea.ai\/de\/wp-json\/wp\/v2\/types\/page"}],"author":[{"embeddable":true,"href":"https:\/\/annea.ai\/de\/wp-json\/wp\/v2\/users\/1"}],"replies":[{"embeddable":true,"href":"https:\/\/annea.ai\/de\/wp-json\/wp\/v2\/comments?post=9444"}],"version-history":[{"count":7,"href":"https:\/\/annea.ai\/de\/wp-json\/wp\/v2\/pages\/9444\/revisions"}],"predecessor-version":[{"id":12368,"href":"https:\/\/annea.ai\/de\/wp-json\/wp\/v2\/pages\/9444\/revisions\/12368"}],"wp:attachment":[{"href":"https:\/\/annea.ai\/de\/wp-json\/wp\/v2\/media?parent=9444"}],"curies":[{"name":"wp","href":"https:\/\/api.w.org\/{rel}","templated":true}]}}